{"id":21,"date":"2017-08-23T13:19:39","date_gmt":"2017-08-23T13:19:39","guid":{"rendered":"https:\/\/tragruvig.com.pe\/?page_id=21"},"modified":"2023-05-05T00:07:19","modified_gmt":"2023-05-05T00:07:19","slug":"nosotros","status":"publish","type":"page","link":"https:\/\/tragruvig.com.pe\/?page_id=21","title":{"rendered":"Nosotros"},"content":{"rendered":"\t\t<div data-elementor-type=\"wp-post\" data-elementor-id=\"21\" class=\"elementor elementor-21\" data-elementor-post-type=\"page\">\n\t\t\t\t\t\t<section class=\"elementor-section elementor-top-section elementor-element elementor-element-b128683 elementor-section-boxed elementor-section-height-default elementor-section-height-default\" data-id=\"b128683\" data-element_type=\"section\" data-settings=\"{&quot;background_background&quot;:&quot;classic&quot;}\">\n\t\t\t\t\t\t<div class=\"elementor-container elementor-column-gap-default\">\n\t\t\t\t\t<div class=\"elementor-column elementor-col-100 elementor-top-column elementor-element elementor-element-279f472\" data-id=\"279f472\" data-element_type=\"column\">\n\t\t\t<div class=\"elementor-widget-wrap elementor-element-populated\">\n\t\t\t\t\t\t<div class=\"elementor-element elementor-element-fcd484d elementor-widget elementor-widget-heading\" data-id=\"fcd484d\" data-element_type=\"widget\" data-widget_type=\"heading.default\">\n\t\t\t\t<div class=\"elementor-widget-container\">\n\t\t\t\t\t<h1 class=\"elementor-heading-title elementor-size-default\">Seguridad y confianza<\/h1>\t\t\t\t<\/div>\n\t\t\t\t<\/div>\n\t\t\t\t\t<\/div>\n\t\t<\/div>\n\t\t\t\t\t<\/div>\n\t\t<\/section>\n\t\t\t\t<section class=\"elementor-section elementor-top-section elementor-element elementor-element-987e8e1 elementor-section-boxed elementor-section-height-default elementor-section-height-default\" data-id=\"987e8e1\" data-element_type=\"section\">\n\t\t\t\t\t\t<div class=\"elementor-container elementor-column-gap-default\">\n\t\t\t\t\t<div class=\"elementor-column elementor-col-33 elementor-top-column elementor-element elementor-element-e8299e3\" data-id=\"e8299e3\" data-element_type=\"column\">\n\t\t\t<div class=\"elementor-widget-wrap elementor-element-populated\">\n\t\t\t\t\t\t<div class=\"elementor-element elementor-element-c1f0bd6 elementor-position-top elementor-invisible elementor-widget elementor-widget-image-box\" data-id=\"c1f0bd6\" data-element_type=\"widget\" data-settings=\"{&quot;_animation&quot;:&quot;swing&quot;}\" data-widget_type=\"image-box.default\">\n\t\t\t\t<div class=\"elementor-widget-container\">\n\t\t\t\t\t<div class=\"elementor-image-box-wrapper\"><figure class=\"elementor-image-box-img\"><img fetchpriority=\"high\" decoding=\"async\" width=\"1416\" height=\"1062\" src=\"https:\/\/tragruvig.com.pe\/wp-content\/uploads\/2022\/05\/WhatsApp-Image-2022-05-05-at-11.53.23-PM-4.jpeg\" class=\"attachment-full size-full wp-image-1528\" alt=\"\" srcset=\"https:\/\/tragruvig.com.pe\/wp-content\/uploads\/2022\/05\/WhatsApp-Image-2022-05-05-at-11.53.23-PM-4.jpeg 1416w, https:\/\/tragruvig.com.pe\/wp-content\/uploads\/2022\/05\/WhatsApp-Image-2022-05-05-at-11.53.23-PM-4-300x225.jpeg 300w, https:\/\/tragruvig.com.pe\/wp-content\/uploads\/2022\/05\/WhatsApp-Image-2022-05-05-at-11.53.23-PM-4-1024x768.jpeg 1024w, https:\/\/tragruvig.com.pe\/wp-content\/uploads\/2022\/05\/WhatsApp-Image-2022-05-05-at-11.53.23-PM-4-768x576.jpeg 768w\" sizes=\"(max-width: 1416px) 100vw, 1416px\" \/><\/figure><\/div>\t\t\t\t<\/div>\n\t\t\t\t<\/div>\n\t\t\t\t\t<\/div>\n\t\t<\/div>\n\t\t\t\t<div class=\"elementor-column elementor-col-66 elementor-top-column elementor-element elementor-element-de3d65e\" data-id=\"de3d65e\" data-element_type=\"column\">\n\t\t\t<div class=\"elementor-widget-wrap elementor-element-populated\">\n\t\t\t\t\t\t<div class=\"elementor-element elementor-element-caf26ba elementor-widget elementor-widget-heading\" data-id=\"caf26ba\" data-element_type=\"widget\" data-widget_type=\"heading.default\">\n\t\t\t\t<div class=\"elementor-widget-container\">\n\t\t\t\t\t<h6 class=\"elementor-heading-title elementor-size-default\">Tragruvig EIRL - Transportes y Gr\u00faas.<\/h6>\t\t\t\t<\/div>\n\t\t\t\t<\/div>\n\t\t\t\t<div class=\"elementor-element elementor-element-f803a3d elementor-widget elementor-widget-image-box\" data-id=\"f803a3d\" data-element_type=\"widget\" data-widget_type=\"image-box.default\">\n\t\t\t\t<div class=\"elementor-widget-container\">\n\t\t\t\t\t<div class=\"elementor-image-box-wrapper\"><div class=\"elementor-image-box-content\"><p class=\"elementor-image-box-description\">Somos una empresa que se centra en su gente como principal motor de desarrollo. Su talento y compromiso nos permiten tener un crecimiento sostenido y responsable en los pa\u00edses donde operamos.<br>\nNuestro equipo est\u00e1 formado por un grupo de profesionales, t\u00e9cnicos y operarios altamente calificados, experimentados y comprometidos con lo que hacen.<br><br>\n<b>Misi\u00f3n<\/b><br>\nTRAGRUVIG es una empresa l\u00edder en la prestaci\u00f3n de servicios de elevaci\u00f3n y transportes especiales y ejecuci\u00f3n de proyectos integrales de movimiento e izado de grandes cargas, para beneficio de sus clientes, empleados y accionistas.<br><br>\n<b>Visi\u00f3n<\/b><br>\nSomos una empresa l\u00edder en la elevaci\u00f3n, transporte y proyectos, fundamentada en la aportaci\u00f3n de soluciones t\u00e9cnicas a trav\u00e9s de la contin\u00faa inversi\u00f3n en personas y equipos, garantizando el mejor y m\u00e1s eficiente servicio para nuestros clientes, con los m\u00e1s altos niveles de calidad y seguridad.<br><br>\n<b>Valores<\/b><br>\nEl marco de trabajo que gu\u00eda a TRAGRUVIG hacia el \u00e9xito sostenido se desarrolla de acuerdo a los siguientes principios:<br><br>\n1) Orientaci\u00f3n al Cliente: TRAGRUVIG sabe que depende de sus clientes y centra su estrategia en comprender las necesidades actuales y futuras de los mismos, en satisfacer sus requisitos y en esforzarse por exceder sus expectativas.<br>\n2) Liderazgo: TRAGRUVIG fomenta un ambiente interno en el que las personas pueden involucrarse plenamente en el logro de los objetivos de la organizaci\u00f3n.<br>\n3) Cuidado de las personas: TRAGRUVIG considera que las personas son la esencia de la organizaci\u00f3n y su total compromiso posibilita que sus habilidades se utilicen en beneficio de la misma.<br>\n4) Excelencia: TRAGRUVIG admite y reconoce las mejoras, y sabe que debe ser un objetivo para cada individuo de su organizaci\u00f3n. Esta pol\u00edtica converge a la mejora continua del desempe\u00f1o de la organizaci\u00f3n.<br>\n5) Seguridad y Salud: en el ejercicio de nuestra actividad, la Seguridad y Salud se ha integrado a todos los niveles de la organizaci\u00f3n y se ha convertido en un valor esperado por nuestro cliente, que asocia y da por supuesto que siempre se satisface en nuestros servicios. Mantener esta cultura es objetivo prioritario para TRAGRUVIG.<br><br>\nEstos principios concretan la l\u00ednea de actuaci\u00f3n del presente y futuro de TRAGRUVIG y se plasman en el establecimiento y mantenimiento al d\u00eda de un Sistema Integrado de Gesti\u00f3n de la Calidad, Medioambiente y Seguridad y Salud.\n<\/p><\/div><\/div>\t\t\t\t<\/div>\n\t\t\t\t<\/div>\n\t\t\t\t\t<\/div>\n\t\t<\/div>\n\t\t\t\t\t<\/div>\n\t\t<\/section>\n\t\t\t\t<\/div>\n\t\t","protected":false},"excerpt":{"rendered":"<p>Seguridad y confianza Tragruvig EIRL &#8211; Transportes y Gr\u00faas. Somos una empresa que se centra en su gente como principal motor de desarrollo. Su talento y compromiso nos permiten tener un crecimiento sostenido y responsable en los pa\u00edses donde operamos. Nuestro equipo est\u00e1 formado por un grupo de profesionales, t\u00e9cnicos y operarios altamente calificados, experimentados [&hellip;]<\/p>\n","protected":false},"author":1,"featured_media":0,"parent":0,"menu_order":0,"comment_status":"closed","ping_status":"closed","template":"","meta":{"site-sidebar-layout":"no-sidebar","site-content-layout":"page-builder","ast-site-content-layout":"","site-content-style":"default","site-sidebar-style":"default","ast-global-header-display":"","ast-banner-title-visibility":"","ast-main-header-display":"","ast-hfb-above-header-display":"","ast-hfb-below-header-display":"","ast-hfb-mobile-header-display":"","site-post-title":"disabled","ast-breadcrumbs-content":"","ast-featured-img":"disabled","footer-sml-layout":"","theme-transparent-header-meta":"","adv-header-id-meta":"","stick-header-meta":"","header-above-stick-meta":"","header-main-stick-meta":"","header-below-stick-meta":"","astra-migrate-meta-layouts":"default","ast-page-background-enabled":"default","ast-page-background-meta":{"desktop":{"background-color":"","background-image":"","background-repeat":"repeat","background-position":"center center","background-size":"auto","background-attachment":"scroll","background-type":"","background-media":"","overlay-type":"","overlay-color":"","overlay-opacity":"","overlay-gradient":""},"tablet":{"background-color":"","background-image":"","background-repeat":"repeat","background-position":"center center","background-size":"auto","background-attachment":"scroll","background-type":"","background-media":"","overlay-type":"","overlay-color":"","overlay-opacity":"","overlay-gradient":""},"mobile":{"background-color":"","background-image":"","background-repeat":"repeat","background-position":"center center","background-size":"auto","background-attachment":"scroll","background-type":"","background-media":"","overlay-type":"","overlay-color":"","overlay-opacity":"","overlay-gradient":""}},"ast-content-background-meta":{"desktop":{"background-color":"var(--ast-global-color-5)","background-image":"","background-repeat":"repeat","background-position":"center center","background-size":"auto","background-attachment":"scroll","background-type":"","background-media":"","overlay-type":"","overlay-color":"","overlay-opacity":"","overlay-gradient":""},"tablet":{"background-color":"var(--ast-global-color-5)","background-image":"","background-repeat":"repeat","background-position":"center center","background-size":"auto","background-attachment":"scroll","background-type":"","background-media":"","overlay-type":"","overlay-color":"","overlay-opacity":"","overlay-gradient":""},"mobile":{"background-color":"var(--ast-global-color-5)","background-image":"","background-repeat":"repeat","background-position":"center center","background-size":"auto","background-attachment":"scroll","background-type":"","background-media":"","overlay-type":"","overlay-color":"","overlay-opacity":"","overlay-gradient":""}},"_joinchat":[],"footnotes":""},"class_list":["post-21","page","type-page","status-publish","hentry"],"_links":{"self":[{"href":"https:\/\/tragruvig.com.pe\/index.php?rest_route=\/wp\/v2\/pages\/21","targetHints":{"allow":["GET"]}}],"collection":[{"href":"https:\/\/tragruvig.com.pe\/index.php?rest_route=\/wp\/v2\/pages"}],"about":[{"href":"https:\/\/tragruvig.com.pe\/index.php?rest_route=\/wp\/v2\/types\/page"}],"author":[{"embeddable":true,"href":"https:\/\/tragruvig.com.pe\/index.php?rest_route=\/wp\/v2\/users\/1"}],"replies":[{"embeddable":true,"href":"https:\/\/tragruvig.com.pe\/index.php?rest_route=%2Fwp%2Fv2%2Fcomments&post=21"}],"version-history":[{"count":14,"href":"https:\/\/tragruvig.com.pe\/index.php?rest_route=\/wp\/v2\/pages\/21\/revisions"}],"predecessor-version":[{"id":1701,"href":"https:\/\/tragruvig.com.pe\/index.php?rest_route=\/wp\/v2\/pages\/21\/revisions\/1701"}],"wp:attachment":[{"href":"https:\/\/tragruvig.com.pe\/index.php?rest_route=%2Fwp%2Fv2%2Fmedia&parent=21"}],"curies":[{"name":"wp","href":"https:\/\/api.w.org\/{rel}","templated":true}]}}